{"id":14790,"date":"2022-12-23T10:02:00","date_gmt":"2022-12-23T10:02:00","guid":{"rendered":"https:\/\/frigoteknikabei.com\/shelves\/"},"modified":"2024-09-20T08:10:16","modified_gmt":"2024-09-20T08:10:16","slug":"shelves","status":"publish","type":"page","link":"https:\/\/frigoteknikabei.com\/sq\/shelves\/","title":{"rendered":"Rafte dhe Aksesor\u00eb"},"content":{"rendered":"\t\t<div data-elementor-type=\"wp-page\" data-elementor-id=\"14790\" class=\"elementor elementor-14790 elementor-9631\">\n\t\t\t\t\t\t<section class=\"elementor-section elementor-top-section elementor-element elementor-element-6c26800 elementor-section-boxed elementor-section-height-default elementor-section-height-default\" data-id=\"6c26800\" data-element_type=\"section\" data-e-type=\"section\">\n\t\t\t\t\t\t<div class=\"elementor-container elementor-column-gap-default\">\n\t\t\t\t\t<div class=\"elementor-column elementor-col-100 elementor-top-column elementor-element elementor-element-2ce2dce\" data-id=\"2ce2dce\" data-element_type=\"column\" data-e-type=\"column\">\n\t\t\t<div class=\"elementor-widget-wrap elementor-element-populated\">\n\t\t\t\t\t\t<section class=\"elementor-section elementor-inner-section elementor-element elementor-element-a7b6d9c elementor-section-boxed elementor-section-height-default elementor-section-height-default\" data-id=\"a7b6d9c\" data-element_type=\"section\" data-e-type=\"section\">\n\t\t\t\t\t\t<div class=\"elementor-container elementor-column-gap-default\">\n\t\t\t\t\t<div class=\"elementor-column elementor-col-100 elementor-inner-column elementor-element elementor-element-9d00542\" data-id=\"9d00542\" data-element_type=\"column\" data-e-type=\"column\">\n\t\t\t<div class=\"elementor-widget-wrap elementor-element-populated\">\n\t\t\t\t\t\t<div class=\"elementor-element elementor-element-1a5b0c4 elementor-widget__width-auto elementor-widget elementor-widget-hub_fancy_heading\" data-id=\"1a5b0c4\" data-element_type=\"widget\" data-e-type=\"widget\" data-widget_type=\"hub_fancy_heading.default\">\n\t\t\t\t<div class=\"elementor-widget-container\">\n\t\t\t\t\t\n\t\t<div id=\"ld-fancy-heading-69f1744cd101a\" class=\"ld-fancy-heading pos-rel\">\n\t\t\t<h6 class=\"ld-fh-element d-inline-block pos-rel  elementor-heading-title lqd-highlight-classic lqd-highlight-grow-left h6\"  > Produktet<\/h6>\t\t<\/div>\n\n\t\t\t\t\t\t<\/div>\n\t\t\t\t<\/div>\n\t\t\t\t<div class=\"elementor-element elementor-element-42d7038 elementor-widget elementor-widget-hub_fancy_heading\" data-id=\"42d7038\" data-element_type=\"widget\" data-e-type=\"widget\" data-widget_type=\"hub_fancy_heading.default\">\n\t\t\t\t<div class=\"elementor-widget-container\">\n\t\t\t\t\t\n\t\t<div id=\"ld-fancy-heading-69f1744cd1c99\" class=\"ld-fancy-heading pos-rel\">\n\t\t\t<h1 class=\"ld-fh-element d-inline-block pos-rel  elementor-heading-title lqd-highlight-classic lqd-highlight-grow-left h4\"  > Rafte dhe <em class=\"h3\" style=\"font-size: inherit;line-height: 1em\">Aksesor\u00eb<\/em><\/h1>\t\t<\/div>\n\n\t\t\t\t\t\t<\/div>\n\t\t\t\t<\/div>\n\t\t\t\t\t<\/div>\n\t\t<\/div>\n\t\t\t\t\t<\/div>\n\t\t<\/section>\n\t\t\t\t\t<\/div>\n\t\t<\/div>\n\t\t\t\t\t<\/div>\n\t\t<\/section>\n\t\t\t\t<section data-section-luminosity=\"dark\" class=\"elementor-section elementor-top-section elementor-element elementor-element-4929c4c elementor-section-full_width elementor-section-height-default elementor-section-height-default\" data-id=\"4929c4c\" data-element_type=\"section\" data-e-type=\"section\" data-settings=\"{&quot;background_background&quot;:&quot;classic&quot;,&quot;animation&quot;:&quot;none&quot;}\">\n\t\t\t\t\t\t<div class=\"elementor-container elementor-column-gap-default\">\n\t\t\t\t\t<div class=\"elementor-column elementor-col-100 elementor-top-column elementor-element elementor-element-3b5cc63\" data-id=\"3b5cc63\" data-element_type=\"column\" data-e-type=\"column\">\n\t\t\t<div class=\"elementor-widget-wrap elementor-element-populated\">\n\t\t\t\t\t\t<div class=\"elementor-element elementor-element-3eca129 elementor-widget elementor-widget-image\" data-id=\"3eca129\" data-element_type=\"widget\" data-e-type=\"widget\" data-widget_type=\"image.default\">\n\t\t\t\t<div class=\"elementor-widget-container\">\n\t\t\t\t\t\t\t\t\t\t\t\t\t\t\t<img fetchpriority=\"high\" decoding=\"async\" width=\"1920\" height=\"800\" src=\"https:\/\/frigoteknikabei.com\/wp-content\/uploads\/2022\/12\/kategori.jpg\" class=\"attachment-full size-full wp-image-13500\" alt=\"\" srcset=\"https:\/\/frigoteknikabei.com\/wp-content\/uploads\/2022\/12\/kategori.jpg 1920w, https:\/\/frigoteknikabei.com\/wp-content\/uploads\/2022\/12\/kategori-300x125.jpg 300w, https:\/\/frigoteknikabei.com\/wp-content\/uploads\/2022\/12\/kategori-1024x427.jpg 1024w, https:\/\/frigoteknikabei.com\/wp-content\/uploads\/2022\/12\/kategori-1536x640.jpg 1536w\" sizes=\"(max-width: 1920px) 100vw, 1920px\" \/>\t\t\t\t\t\t\t\t\t\t\t\t\t\t\t<\/div>\n\t\t\t\t<\/div>\n\t\t\t\t\t<\/div>\n\t\t<\/div>\n\t\t\t\t\t<\/div>\n\t\t<\/section>\n\t\t\t\t<section class=\"elementor-section elementor-top-section elementor-element elementor-element-da0825c elementor-section-content-middle elementor-section-boxed elementor-section-height-default elementor-section-height-default\" data-id=\"da0825c\" data-element_type=\"section\" data-e-type=\"section\">\n\t\t\t\t\t\t<div class=\"elementor-container elementor-column-gap-default\">\n\t\t\t\t\t<div data-custom-animations=\"true\" data-ca-options=\"{&quot;addChildTimelines&quot;:false,&quot;animationTarget&quot;:&quot;:scope &gt; .elementor-widget-wrap &gt; .elementor-element &gt; .elementor-widget-container, :scope &gt; .elementor-widget-wrap &gt; .elementor-section &gt; .elementor-container &gt; .elementor-column &gt; .elementor-widget-wrap &gt; .elementor-element:not(.lqd-el-has-inner-anim) &gt; .elementor-widget-container, :scope &gt; .elementor-widget-wrap &gt; .elementor-widget-hub_fancy_heading .lqd-split-lines .lqd-lines .split-inner, :scope &gt; .elementor-widget-wrap &gt; .elementor-widget-hub_fancy_heading .lqd-split-words .lqd-words .split-inner, :scope &gt; .elementor-widget-wrap &gt; .elementor-widget-hub_fancy_heading .lqd-split-chars .lqd-chars .split-inner, :scope &gt; .elementor-widget-wrap &gt; .elementor-widget-ld_custom_menu .lqd-fancy-menu &gt; ul &gt; li&quot;,&quot;ease&quot;:[&quot;power4.out&quot;],&quot;initValues&quot;:{&quot;y&quot;:&quot;30px&quot;,&quot;opacity&quot;:0},&quot;animations&quot;:{&quot;y&quot;:&quot;0px&quot;,&quot;opacity&quot;:1}}\" class=\"elementor-column elementor-col-50 elementor-top-column elementor-element elementor-element-3fea7f9\" data-id=\"3fea7f9\" data-element_type=\"column\" data-e-type=\"column\">\n\t\t\t<div class=\"elementor-widget-wrap elementor-element-populated\">\n\t\t\t\t\t\t<div class=\"elementor-element elementor-element-dcae3a7 elementor-widget__width-auto elementor-widget elementor-widget-hub_fancy_heading\" data-id=\"dcae3a7\" data-element_type=\"widget\" data-e-type=\"widget\" data-widget_type=\"hub_fancy_heading.default\">\n\t\t\t\t<div class=\"elementor-widget-container\">\n\t\t\t\t\t\n\t\t<div id=\"ld-fancy-heading-69f1744cd2a7d\" class=\"ld-fancy-heading pos-rel\">\n\t\t\t<h6 class=\"ld-fh-element d-inline-block pos-rel  elementor-heading-title lqd-highlight-classic lqd-highlight-grow-left h6\"  > P\u00ebrvoj\u00eb<\/h6>\t\t<\/div>\n\n\t\t\t\t\t\t<\/div>\n\t\t\t\t<\/div>\n\t\t\t\t<div class=\"elementor-element elementor-element-e093a40 elementor-widget elementor-widget-hub_fancy_heading\" data-id=\"e093a40\" data-element_type=\"widget\" data-e-type=\"widget\" data-widget_type=\"hub_fancy_heading.default\">\n\t\t\t\t<div class=\"elementor-widget-container\">\n\t\t\t\t\t\n\t\t<div id=\"ld-fancy-heading-69f1744cd35a2\" class=\"ld-fancy-heading pos-rel\">\n\t\t\t<h4 class=\"ld-fh-element d-inline-block pos-rel  elementor-heading-title lqd-highlight-classic lqd-highlight-grow-left h4\"  > P\u00ebrmes nj\u00eb kombinimi unik t\u00eb ekspertiz\u00ebs <u>inxhinierike<\/u> dhe <u>dizajnit<\/u>.<\/h4>\t\t<\/div>\n\n\t\t\t\t\t\t<\/div>\n\t\t\t\t<\/div>\n\t\t\t\t<div class=\"elementor-element elementor-element-7f55a28 elementor-widget elementor-widget-ld_button\" data-id=\"7f55a28\" data-element_type=\"widget\" data-e-type=\"widget\" data-widget_type=\"ld_button.default\">\n\t\t\t\t<div class=\"elementor-widget-container\">\n\t\t\t\t\t\n\t\t<a  href=\"\/sq\/about\/\" class=\"elementor-button btn align-items-center justify-content-center pos-rel overflow-hidden ws-nowrap btn-naked btn-hover-txt-liquid-x btn-has-label\" >\n\t\t\t\t\t\t\t<span class=\"btn-txt d-block pos-rel z-index-3\"  data-text=\"\u2500\u2500 Lexo m\u00eb shum\u00eb\" data-split-text=\"true\" data-split-options='{\"type\": \"chars, words\"}'>\n\t\t\t\t\t\t\t\t\t\t\t\u2500\u2500 Lexo m\u00eb shum\u00eb\t\t\t\t\t\t\t\t\t<\/span>\n\t\t\t\t\t\t\t\t<\/a>\n\n\t\t\t\t\t\t<\/div>\n\t\t\t\t<\/div>\n\t\t\t\t\t<\/div>\n\t\t<\/div>\n\t\t\t\t<div data-custom-animations=\"true\" data-ca-options=\"{&quot;addChildTimelines&quot;:false,&quot;animationTarget&quot;:&quot;:scope &gt; .elementor-widget-wrap &gt; .elementor-element &gt; .elementor-widget-container, :scope &gt; .elementor-widget-wrap &gt; .elementor-section &gt; .elementor-container &gt; .elementor-column &gt; .elementor-widget-wrap &gt; .elementor-element:not(.lqd-el-has-inner-anim) &gt; .elementor-widget-container, :scope &gt; .elementor-widget-wrap &gt; .elementor-widget-hub_fancy_heading .lqd-split-lines .lqd-lines .split-inner, :scope &gt; .elementor-widget-wrap &gt; .elementor-widget-hub_fancy_heading .lqd-split-words .lqd-words .split-inner, :scope &gt; .elementor-widget-wrap &gt; .elementor-widget-hub_fancy_heading .lqd-split-chars .lqd-chars .split-inner, :scope &gt; .elementor-widget-wrap &gt; .elementor-widget-ld_custom_menu .lqd-fancy-menu &gt; ul &gt; li&quot;,&quot;ease&quot;:[&quot;power4.out&quot;],&quot;initValues&quot;:{&quot;y&quot;:&quot;30px&quot;,&quot;opacity&quot;:0},&quot;animations&quot;:{&quot;y&quot;:&quot;0px&quot;,&quot;opacity&quot;:1}}\" class=\"elementor-column elementor-col-50 elementor-top-column elementor-element elementor-element-ede790e\" data-id=\"ede790e\" data-element_type=\"column\" data-e-type=\"column\">\n\t\t\t<div class=\"elementor-widget-wrap elementor-element-populated\">\n\t\t\t\t\t\t<div class=\"elementor-element elementor-element-a008b26 elementor-icon-list--layout-traditional elementor-list-item-link-full_width elementor-widget elementor-widget-icon-list\" data-id=\"a008b26\" data-element_type=\"widget\" data-e-type=\"widget\" data-widget_type=\"icon-list.default\">\n\t\t\t\t<div class=\"elementor-widget-container\">\n\t\t\t\t\t\t\t<ul class=\"elementor-icon-list-items\">\n\t\t\t\t\t\t\t<li class=\"elementor-icon-list-item\">\n\t\t\t\t\t\t\t\t\t\t\t<span class=\"elementor-icon-list-icon\">\n\t\t\t\t\t\t\t<i aria-hidden=\"true\" class=\"lqd-icn-ess icon-ion-ios-add\"><\/i>\t\t\t\t\t\t<\/span>\n\t\t\t\t\t\t\t\t\t\t<span class=\"elementor-icon-list-text\">P\u00ebrshtatje maksimale.<\/span>\n\t\t\t\t\t\t\t\t\t<\/li>\n\t\t\t\t\t\t\t\t<li class=\"elementor-icon-list-item\">\n\t\t\t\t\t\t\t\t\t\t\t<span class=\"elementor-icon-list-icon\">\n\t\t\t\t\t\t\t<i aria-hidden=\"true\" class=\"lqd-icn-ess icon-ion-ios-add\"><\/i>\t\t\t\t\t\t<\/span>\n\t\t\t\t\t\t\t\t\t\t<span class=\"elementor-icon-list-text\">Zgjidhje ergonomike t\u00eb evoluara.<\/span>\n\t\t\t\t\t\t\t\t\t<\/li>\n\t\t\t\t\t\t\t\t<li class=\"elementor-icon-list-item\">\n\t\t\t\t\t\t\t\t\t\t\t<span class=\"elementor-icon-list-icon\">\n\t\t\t\t\t\t\t<i aria-hidden=\"true\" class=\"lqd-icn-ess icon-ion-ios-add\"><\/i>\t\t\t\t\t\t<\/span>\n\t\t\t\t\t\t\t\t\t\t<span class=\"elementor-icon-list-text\">Pastrim i shpejt\u00eb dhe i leht\u00eb.<\/span>\n\t\t\t\t\t\t\t\t\t<\/li>\n\t\t\t\t\t\t\t\t<li class=\"elementor-icon-list-item\">\n\t\t\t\t\t\t\t\t\t\t\t<span class=\"elementor-icon-list-icon\">\n\t\t\t\t\t\t\t<i aria-hidden=\"true\" class=\"lqd-icn-ess icon-ion-ios-add\"><\/i>\t\t\t\t\t\t<\/span>\n\t\t\t\t\t\t\t\t\t\t<span class=\"elementor-icon-list-text\">Thell\u00ebsi t\u00eb ndryshme t\u00eb lavamaneve.<\/span>\n\t\t\t\t\t\t\t\t\t<\/li>\n\t\t\t\t\t\t\t\t<li class=\"elementor-icon-list-item\">\n\t\t\t\t\t\t\t\t\t\t\t<span class=\"elementor-icon-list-icon\">\n\t\t\t\t\t\t\t<i aria-hidden=\"true\" class=\"lqd-icn-ess icon-ion-ios-add\"><\/i>\t\t\t\t\t\t<\/span>\n\t\t\t\t\t\t\t\t\t\t<span class=\"elementor-icon-list-text\">Nj\u00eb gam\u00eb e gjer\u00eb, e larmishme.<\/span>\n\t\t\t\t\t\t\t\t\t<\/li>\n\t\t\t\t\t\t\t\t<li class=\"elementor-icon-list-item\">\n\t\t\t\t\t\t\t\t\t\t\t<span class=\"elementor-icon-list-icon\">\n\t\t\t\t\t\t\t<i aria-hidden=\"true\" class=\"lqd-icn-ess icon-ion-ios-add\"><\/i>\t\t\t\t\t\t<\/span>\n\t\t\t\t\t\t\t\t\t\t<span class=\"elementor-icon-list-text\">Konsumi i reduktuar i energjis\u00eb.<\/span>\n\t\t\t\t\t\t\t\t\t<\/li>\n\t\t\t\t\t\t<\/ul>\n\t\t\t\t\t\t<\/div>\n\t\t\t\t<\/div>\n\t\t\t\t\t<\/div>\n\t\t<\/div>\n\t\t\t\t\t<\/div>\n\t\t<\/section>\n\t\t\t\t<section class=\"elementor-section elementor-top-section elementor-element elementor-element-c7c2d07 elementor-section-boxed elementor-section-height-default elementor-section-height-default\" data-id=\"c7c2d07\" data-element_type=\"section\" data-e-type=\"section\">\n\t\t\t\t\t\t<div class=\"elementor-container elementor-column-gap-default\">\n\t\t\t\t\t<div class=\"elementor-column elementor-col-100 elementor-top-column elementor-element elementor-element-2d1b04d\" data-id=\"2d1b04d\" data-element_type=\"column\" data-e-type=\"column\">\n\t\t\t<div class=\"elementor-widget-wrap elementor-element-populated\">\n\t\t\t\t\t\t<div class=\"elementor-element elementor-element-1146777 elementor-widget elementor-widget-spacer\" data-id=\"1146777\" data-element_type=\"widget\" data-e-type=\"widget\" data-widget_type=\"spacer.default\">\n\t\t\t\t<div class=\"elementor-widget-container\">\n\t\t\t\t\t\t\t<div class=\"elementor-spacer\">\n\t\t\t<div class=\"elementor-spacer-inner\"><\/div>\n\t\t<\/div>\n\t\t\t\t\t\t<\/div>\n\t\t\t\t<\/div>\n\t\t\t\t\t<\/div>\n\t\t<\/div>\n\t\t\t\t\t<\/div>\n\t\t<\/section>\n\t\t\t\t<\/div>\n\t\t","protected":false},"excerpt":{"rendered":"<p>Produktet Rafte dhe Aksesor\u00eb P\u00ebrvoj\u00eb P\u00ebrmes nj\u00eb kombinimi unik t\u00eb ekspertiz\u00ebs inxhinierike dhe dizajnit. \u2500\u2500 Lexo m\u00eb shum\u00eb P\u00ebrshtatje maksimale. Zgjidhje ergonomike t\u00eb evoluara. Pastrim i shpejt\u00eb dhe i leht\u00eb. Thell\u00ebsi t\u00eb ndryshme t\u00eb lavamaneve. Nj\u00eb gam\u00eb e gjer\u00eb, e larmishme. Konsumi i reduktuar i energjis\u00eb.<\/p>\n","protected":false},"author":1,"featured_media":0,"parent":0,"menu_order":0,"comment_status":"closed","ping_status":"closed","template":"","meta":{"footnotes":""},"class_list":["post-14790","page","type-page","status-publish","hentry"],"yoast_head":"<!-- This site is optimized with the Yoast SEO plugin v27.5 - https:\/\/yoast.com\/product\/yoast-seo-wordpress\/ -->\n<title>Rafte dhe Aksesor\u00eb - Frigoteknika Group<\/title>\n<meta name=\"robots\" content=\"index, follow, max-snippet:-1, max-image-preview:large, max-video-preview:-1\" \/>\n<link rel=\"canonical\" href=\"https:\/\/frigoteknikabei.com\/sq\/shelves\/\" \/>\n<meta property=\"og:locale\" content=\"sq_AL\" \/>\n<meta property=\"og:type\" content=\"article\" \/>\n<meta property=\"og:title\" content=\"Rafte dhe Aksesor\u00eb - Frigoteknika Group\" \/>\n<meta property=\"og:description\" content=\"Produktet Rafte dhe Aksesor\u00eb P\u00ebrvoj\u00eb P\u00ebrmes nj\u00eb kombinimi unik t\u00eb ekspertiz\u00ebs inxhinierike dhe dizajnit. \u2500\u2500 Lexo m\u00eb shum\u00eb P\u00ebrshtatje maksimale. Zgjidhje ergonomike t\u00eb evoluara. Pastrim i shpejt\u00eb dhe i leht\u00eb. Thell\u00ebsi t\u00eb ndryshme t\u00eb lavamaneve. Nj\u00eb gam\u00eb e gjer\u00eb, e larmishme. Konsumi i reduktuar i energjis\u00eb.\" \/>\n<meta property=\"og:url\" content=\"https:\/\/frigoteknikabei.com\/sq\/shelves\/\" \/>\n<meta property=\"og:site_name\" content=\"Frigoteknika Group\" \/>\n<meta property=\"article:modified_time\" content=\"2024-09-20T08:10:16+00:00\" \/>\n<meta property=\"og:image\" content=\"https:\/\/frigoteknikabei.com\/wp-content\/uploads\/2022\/12\/kategori.jpg\" \/>\n<meta name=\"twitter:card\" content=\"summary_large_image\" \/>\n<meta name=\"twitter:label1\" content=\"Est. reading time\" \/>\n\t<meta name=\"twitter:data1\" content=\"1 minute\" \/>\n<script type=\"application\/ld+json\" class=\"yoast-schema-graph\">{\"@context\":\"https:\\\/\\\/schema.org\",\"@graph\":[{\"@type\":[\"WebPage\",\"CollectionPage\"],\"@id\":\"https:\\\/\\\/frigoteknikabei.com\\\/sq\\\/shelves\\\/\",\"url\":\"https:\\\/\\\/frigoteknikabei.com\\\/sq\\\/shelves\\\/\",\"name\":\"Rafte dhe Aksesor\u00eb - Frigoteknika Group\",\"isPartOf\":{\"@id\":\"https:\\\/\\\/frigoteknikabei.com\\\/sq\\\/#website\"},\"primaryImageOfPage\":{\"@id\":\"https:\\\/\\\/frigoteknikabei.com\\\/sq\\\/shelves\\\/#primaryimage\"},\"image\":{\"@id\":\"https:\\\/\\\/frigoteknikabei.com\\\/sq\\\/shelves\\\/#primaryimage\"},\"thumbnailUrl\":\"https:\\\/\\\/frigoteknikabei.com\\\/wp-content\\\/uploads\\\/2022\\\/12\\\/kategori.jpg\",\"datePublished\":\"2022-12-23T10:02:00+00:00\",\"dateModified\":\"2024-09-20T08:10:16+00:00\",\"breadcrumb\":{\"@id\":\"https:\\\/\\\/frigoteknikabei.com\\\/sq\\\/shelves\\\/#breadcrumb\"},\"inLanguage\":\"sq-AL\"},{\"@type\":\"ImageObject\",\"inLanguage\":\"sq-AL\",\"@id\":\"https:\\\/\\\/frigoteknikabei.com\\\/sq\\\/shelves\\\/#primaryimage\",\"url\":\"https:\\\/\\\/frigoteknikabei.com\\\/wp-content\\\/uploads\\\/2022\\\/12\\\/kategori.jpg\",\"contentUrl\":\"https:\\\/\\\/frigoteknikabei.com\\\/wp-content\\\/uploads\\\/2022\\\/12\\\/kategori.jpg\"},{\"@type\":\"BreadcrumbList\",\"@id\":\"https:\\\/\\\/frigoteknikabei.com\\\/sq\\\/shelves\\\/#breadcrumb\",\"itemListElement\":[{\"@type\":\"ListItem\",\"position\":1,\"name\":\"Home\",\"item\":\"https:\\\/\\\/frigoteknikabei.com\\\/sq\\\/\"},{\"@type\":\"ListItem\",\"position\":2,\"name\":\"Rafte dhe Aksesor\u00eb\"}]},{\"@type\":\"WebSite\",\"@id\":\"https:\\\/\\\/frigoteknikabei.com\\\/sq\\\/#website\",\"url\":\"https:\\\/\\\/frigoteknikabei.com\\\/sq\\\/\",\"name\":\"Frigoteknika Group\",\"description\":\"More than 50 years\",\"publisher\":{\"@id\":\"https:\\\/\\\/frigoteknikabei.com\\\/sq\\\/#organization\"},\"potentialAction\":[{\"@type\":\"SearchAction\",\"target\":{\"@type\":\"EntryPoint\",\"urlTemplate\":\"https:\\\/\\\/frigoteknikabei.com\\\/sq\\\/?s={search_term_string}\"},\"query-input\":{\"@type\":\"PropertyValueSpecification\",\"valueRequired\":true,\"valueName\":\"search_term_string\"}}],\"inLanguage\":\"sq-AL\"},{\"@type\":\"Organization\",\"@id\":\"https:\\\/\\\/frigoteknikabei.com\\\/sq\\\/#organization\",\"name\":\"Frigoteknika Group\",\"url\":\"https:\\\/\\\/frigoteknikabei.com\\\/sq\\\/\",\"logo\":{\"@type\":\"ImageObject\",\"inLanguage\":\"sq-AL\",\"@id\":\"https:\\\/\\\/frigoteknikabei.com\\\/sq\\\/#\\\/schema\\\/logo\\\/image\\\/\",\"url\":\"https:\\\/\\\/frigoteknikabei.com\\\/wp-content\\\/uploads\\\/2022\\\/03\\\/frigoteknikagroup_logo.svg\",\"contentUrl\":\"https:\\\/\\\/frigoteknikabei.com\\\/wp-content\\\/uploads\\\/2022\\\/03\\\/frigoteknikagroup_logo.svg\",\"width\":1,\"height\":1,\"caption\":\"Frigoteknika Group\"},\"image\":{\"@id\":\"https:\\\/\\\/frigoteknikabei.com\\\/sq\\\/#\\\/schema\\\/logo\\\/image\\\/\"}}]}<\/script>\n<!-- \/ Yoast SEO plugin. -->","yoast_head_json":{"title":"Rafte dhe Aksesor\u00eb - Frigoteknika Group","robots":{"index":"index","follow":"follow","max-snippet":"max-snippet:-1","max-image-preview":"max-image-preview:large","max-video-preview":"max-video-preview:-1"},"canonical":"https:\/\/frigoteknikabei.com\/sq\/shelves\/","og_locale":"sq_AL","og_type":"article","og_title":"Rafte dhe Aksesor\u00eb - Frigoteknika Group","og_description":"Produktet Rafte dhe Aksesor\u00eb P\u00ebrvoj\u00eb P\u00ebrmes nj\u00eb kombinimi unik t\u00eb ekspertiz\u00ebs inxhinierike dhe dizajnit. \u2500\u2500 Lexo m\u00eb shum\u00eb P\u00ebrshtatje maksimale. Zgjidhje ergonomike t\u00eb evoluara. Pastrim i shpejt\u00eb dhe i leht\u00eb. Thell\u00ebsi t\u00eb ndryshme t\u00eb lavamaneve. Nj\u00eb gam\u00eb e gjer\u00eb, e larmishme. Konsumi i reduktuar i energjis\u00eb.","og_url":"https:\/\/frigoteknikabei.com\/sq\/shelves\/","og_site_name":"Frigoteknika Group","article_modified_time":"2024-09-20T08:10:16+00:00","og_image":[{"url":"https:\/\/frigoteknikabei.com\/wp-content\/uploads\/2022\/12\/kategori.jpg","type":"","width":"","height":""}],"twitter_card":"summary_large_image","twitter_misc":{"Est. reading time":"1 minute"},"schema":{"@context":"https:\/\/schema.org","@graph":[{"@type":["WebPage","CollectionPage"],"@id":"https:\/\/frigoteknikabei.com\/sq\/shelves\/","url":"https:\/\/frigoteknikabei.com\/sq\/shelves\/","name":"Rafte dhe Aksesor\u00eb - Frigoteknika Group","isPartOf":{"@id":"https:\/\/frigoteknikabei.com\/sq\/#website"},"primaryImageOfPage":{"@id":"https:\/\/frigoteknikabei.com\/sq\/shelves\/#primaryimage"},"image":{"@id":"https:\/\/frigoteknikabei.com\/sq\/shelves\/#primaryimage"},"thumbnailUrl":"https:\/\/frigoteknikabei.com\/wp-content\/uploads\/2022\/12\/kategori.jpg","datePublished":"2022-12-23T10:02:00+00:00","dateModified":"2024-09-20T08:10:16+00:00","breadcrumb":{"@id":"https:\/\/frigoteknikabei.com\/sq\/shelves\/#breadcrumb"},"inLanguage":"sq-AL"},{"@type":"ImageObject","inLanguage":"sq-AL","@id":"https:\/\/frigoteknikabei.com\/sq\/shelves\/#primaryimage","url":"https:\/\/frigoteknikabei.com\/wp-content\/uploads\/2022\/12\/kategori.jpg","contentUrl":"https:\/\/frigoteknikabei.com\/wp-content\/uploads\/2022\/12\/kategori.jpg"},{"@type":"BreadcrumbList","@id":"https:\/\/frigoteknikabei.com\/sq\/shelves\/#breadcrumb","itemListElement":[{"@type":"ListItem","position":1,"name":"Home","item":"https:\/\/frigoteknikabei.com\/sq\/"},{"@type":"ListItem","position":2,"name":"Rafte dhe Aksesor\u00eb"}]},{"@type":"WebSite","@id":"https:\/\/frigoteknikabei.com\/sq\/#website","url":"https:\/\/frigoteknikabei.com\/sq\/","name":"Frigoteknika Group","description":"More than 50 years","publisher":{"@id":"https:\/\/frigoteknikabei.com\/sq\/#organization"},"potentialAction":[{"@type":"SearchAction","target":{"@type":"EntryPoint","urlTemplate":"https:\/\/frigoteknikabei.com\/sq\/?s={search_term_string}"},"query-input":{"@type":"PropertyValueSpecification","valueRequired":true,"valueName":"search_term_string"}}],"inLanguage":"sq-AL"},{"@type":"Organization","@id":"https:\/\/frigoteknikabei.com\/sq\/#organization","name":"Frigoteknika Group","url":"https:\/\/frigoteknikabei.com\/sq\/","logo":{"@type":"ImageObject","inLanguage":"sq-AL","@id":"https:\/\/frigoteknikabei.com\/sq\/#\/schema\/logo\/image\/","url":"https:\/\/frigoteknikabei.com\/wp-content\/uploads\/2022\/03\/frigoteknikagroup_logo.svg","contentUrl":"https:\/\/frigoteknikabei.com\/wp-content\/uploads\/2022\/03\/frigoteknikagroup_logo.svg","width":1,"height":1,"caption":"Frigoteknika Group"},"image":{"@id":"https:\/\/frigoteknikabei.com\/sq\/#\/schema\/logo\/image\/"}}]}},"_links":{"self":[{"href":"https:\/\/frigoteknikabei.com\/sq\/wp-json\/wp\/v2\/pages\/14790","targetHints":{"allow":["GET"]}}],"collection":[{"href":"https:\/\/frigoteknikabei.com\/sq\/wp-json\/wp\/v2\/pages"}],"about":[{"href":"https:\/\/frigoteknikabei.com\/sq\/wp-json\/wp\/v2\/types\/page"}],"author":[{"embeddable":true,"href":"https:\/\/frigoteknikabei.com\/sq\/wp-json\/wp\/v2\/users\/1"}],"replies":[{"embeddable":true,"href":"https:\/\/frigoteknikabei.com\/sq\/wp-json\/wp\/v2\/comments?post=14790"}],"version-history":[{"count":3,"href":"https:\/\/frigoteknikabei.com\/sq\/wp-json\/wp\/v2\/pages\/14790\/revisions"}],"predecessor-version":[{"id":14803,"href":"https:\/\/frigoteknikabei.com\/sq\/wp-json\/wp\/v2\/pages\/14790\/revisions\/14803"}],"wp:attachment":[{"href":"https:\/\/frigoteknikabei.com\/sq\/wp-json\/wp\/v2\/media?parent=14790"}],"curies":[{"name":"wp","href":"https:\/\/api.w.org\/{rel}","templated":true}]}}